{"id":146,"date":"2024-12-09T09:57:54","date_gmt":"2024-12-09T09:57:54","guid":{"rendered":"https:\/\/www.affectionate-wu.62-213-219-49.plesk.page\/wordpress\/?page_id=146"},"modified":"2025-02-06T16:27:05","modified_gmt":"2025-02-06T16:27:05","slug":"microneedling-radiofrequentie","status":"publish","type":"page","link":"https:\/\/drleyndermatologie.be\/index.php\/microneedling-radiofrequentie\/","title":{"rendered":"Gefractioneerde radiofrequentie"},"content":{"rendered":"\n<div class=\"wp-block-uagb-container uagb-block-41db3266 alignfull uagb-is-root-container\"><div class=\"uagb-container-inner-blocks-wrap\">\n<div class=\"wp-block-uagb-container uagb-block-6b00291c\">\n<div class=\"wp-block-uagb-advanced-heading uagb-block-50089f5c\"><h2 class=\"uagb-heading-text\">Gefractioneerde radiofrequentie<\/h2><\/div>\n<\/div>\n\n\n\n<div class=\"wp-block-uagb-container uagb-block-f4aa0e80\">\n<div class=\"wp-block-uagb-image uagb-block-2e5c473e wp-block-uagb-image--layout-default wp-block-uagb-image--effect-static wp-block-uagb-image--align-none\"><figure class=\"wp-block-uagb-image__figure\"><img decoding=\"async\" srcset=\"https:\/\/drleyndermatologie.be\/wp-content\/uploads\/2024\/12\/leyn-radiofrequentie.jpg ,https:\/\/drleyndermatologie.be\/wp-content\/uploads\/2024\/12\/leyn-radiofrequentie.jpg 780w, https:\/\/drleyndermatologie.be\/wp-content\/uploads\/2024\/12\/leyn-radiofrequentie.jpg 360w\" sizes=\"auto, (max-width: 480px) 150px\" src=\"https:\/\/drleyndermatologie.be\/wp-content\/uploads\/2024\/12\/leyn-radiofrequentie.jpg\" alt=\"\" class=\"uag-image-264\" width=\"683\" height=\"1024\" title=\"leyn radiofrequentie\" loading=\"lazy\" role=\"img\"\/><\/figure><\/div>\n<\/div>\n<\/div><\/div>\n\n\n\n<div class=\"wp-block-uagb-advanced-heading uagb-block-88c0562b\"><p class=\"uagb-heading-text\">Deze behandeling wordt gebruikt om collageen in de diepe huidlagen te stimuleren en kan ingezet worden voor huidverstrakking in gelaat of hals, voor acne littekens of striemen. Het is geen laser maar een gerichte fractionele radiofrequentiebehandeling met hoge intensiteit. Om de gevoeligheid te verminderen zijn plaatselijke verdoving en pijnstillers nodig.<\/p><\/div>\n\n\n\n<div class=\"wp-block-uagb-container uagb-block-9be9ad91 alignfull uagb-is-root-container\"><div class=\"uagb-container-inner-blocks-wrap\">\n<div class=\"wp-block-uagb-advanced-heading uagb-block-d0788db9\"><h5 class=\"uagb-heading-text\">Huidverbetering door gefractioneerde radiofrequentie<\/h5><\/div>\n\n\n\n<div class=\"wp-block-uagb-advanced-heading uagb-block-8a41ca80\"><p class=\"uagb-heading-text\">De Infini microneedling fractionele radiofrequentie met hoge intensiteit behandeling is geen laser, maar een hoge intensiteit, gerichte radiofrequentie behandeling. Hierbij worden met goud ge\u00efsoleerde micronaaldjes, bevestigd op een handstuk, op verschillende dieptes in de dermis aangebracht. Deze fijne naaldjes geven alleen op de top, direct in de diepere huidlagen, hun energie vrij, wat leidt tot krimpen van de huid en aanmaak van nieuw collageen. De diepte en de sterkte van de energie kunnen gecontroleerd worden zodat men effect kan bekomen in de diepere huidlagen, zonder de nadelen van epidermale beschadiging. De behandeling kan het hele jaar door bij alle huidtypes worden uitgevoerd.<\/p><\/div>\n\n\n\n<div class=\"wp-block-uagb-advanced-heading uagb-block-725729ac\"><h5 class=\"uagb-heading-text\">Wat kan behandeld worden?<\/h5><\/div>\n\n\n\n<div class=\"wp-block-uagb-advanced-heading uagb-block-28f9a832\"><p class=\"uagb-heading-text\">\u2022 Verslapping van de huid van het gelaat, de hals, decollet\u00e9 of armen<br>\u2022 Rimpels rond de mond, op de slapen of de wangen<br>\u2022 Verstrakking kaaklijn<br>\u2022 Verbetering huidtextuur of vergrote pori\u00ebn<br>\u2022 Acne littekens<br>\u2022 Littekens na chirurgie of trauma<br>\u2022 Striemen (vb. na zwangerschap of groeistriemen)<\/p><\/div>\n\n\n\n<div class=\"wp-block-uagb-advanced-heading uagb-block-8eb4b3a5\"><h5 class=\"uagb-heading-text\">Wat is het?<\/h5><\/div>\n\n\n\n<div class=\"wp-block-uagb-advanced-heading uagb-block-ca4d8ab2\"><p class=\"uagb-heading-text\">De Infini behandeling combineert gefractioneerde radiofrequentie met microneedling. Door diep in de huid thermische energie af te leveren wordt de productie van eigen collageen gestimuleerd om de huid van binnenuit te regenereren en een natuurlijke structurele huidverbetering en versteviging te cre\u00ebren.<br>In tegenstelling tot andere toestellen wordt er niet van buiten naar binnen gewerkt, maar wordt de warmte-energie direct vrijgegeven waar die moet zijn, op meerdere niveaus in de diepere huidlagen. Zo wordt de opperhuid zoveel mogelijk gespaard van ongewenste neveneffecten.<br>Het toestel werkt bovendien gefractioneerd, wat betekent dat de energie in vele kleine zones wordt vrijgegeven, waardoor de huid sneller kan helen zonder de nadelen van een chirurgische ingreep.<\/p><\/div>\n\n\n\n<div class=\"wp-block-uagb-advanced-heading uagb-block-44e30715\"><h5 class=\"uagb-heading-text\">Hoe werkt de behandeling?<\/h5><\/div>\n\n\n\n<div class=\"wp-block-uagb-advanced-heading uagb-block-1af0222a\"><p class=\"uagb-heading-text\">Het handstuk bevat 49 microscopische naaldjes die ge\u00efsoleerd zijn met goud en door het huidoppervlak worden aangebracht. Gestimuleerd door de radiofrequentie energie, die alleen vrijkomt aan de top van de naaldjes, zullen collageen en elastine zich opbouwen gedurende verschillende weken na de behandeling. Dit geeft over het algemeen een verbetering op het gebied van huidtextuur en huidverstrakking.<\/p><\/div>\n\n\n\n<div class=\"wp-block-uagb-advanced-heading uagb-block-2bca59ff\"><h5 class=\"uagb-heading-text\">Hoeveel behandelingen heb ik nodig?<\/h5><\/div>\n\n\n\n<div class=\"wp-block-uagb-advanced-heading uagb-block-fc91cc7e\"><p class=\"uagb-heading-text\">Dit is afhankelijk van verschillende factoren zoals de indicatie, de toestand van de huid, de leeftijd. Het effect wordt bekomen doordat de huid reageert op de toegediende energie met aanmaak van nieuw collageen en elastine. Het herstel van je huidweefsel is een langzaam proces en wordt minder met toenemende leeftijd, bij rokers,onder invloed van UV licht, bij minder goede levensstijl. Ook genetische factoren kunnen van invloed zijn. Afhankelijk van de indicatie kan je de eerste veranderingen al merken na een aantal weken, maar de uiteindelijke resultaten zijn pas zichtbaar na een aantal maanden, en ze kunnen nog verbeteren tot zes maanden na de behandeling. Afhankelijk van de reactie van de huid en de graad van effect die men wil bekomen moet je gemiddeld rekenen op een 3- tal sessies (met een interval van minstens 4 weken) om een goede verbetering te verkrijgen.<\/p><\/div>\n\n\n\n<div class=\"wp-block-uagb-advanced-heading uagb-block-f76cfadd\"><h5 class=\"uagb-heading-text\">Hoe verloopt de behandeling?<\/h5><\/div>\n\n\n\n<div class=\"wp-block-uagb-advanced-heading uagb-block-d6beeb2e\"><p class=\"uagb-heading-text\">De behandeling wordt steeds voorafgegaan door een consultatie met huidonderzoek, uitleg over de procedure, de te verwachten effecten en het doornemen van de ge\u00efnformeerde toestemming. Er kunnen foto\u2019s genomen worden ter opvolging van het effect. V\u00f3\u00f3r de behandeling wordt de huid verdoofd met een verdovende cr\u00e8me en\/of injecties. Naargelang de uitgebreidheid duurt de behandeling 15 tot 45 minuten. Tijdens een sessie wordt de zone meestal met 2 of 3 passages op een verschillende diepte behandeld.<\/p><\/div>\n\n\n\n<div class=\"wp-block-uagb-advanced-heading uagb-block-a7ea4156\"><h5 class=\"uagb-heading-text\">Hoe comfortabel is de behandeling?<\/h5><\/div>\n\n\n\n<div class=\"wp-block-uagb-advanced-heading uagb-block-35a2e1b7\"><p class=\"uagb-heading-text\">Dit is afhankelijk van het type procedure en verschillend per persoon. De behandeling voelt als speldenprikken en kan als pijnlijk worden ervaren. Om de behandeling zo comfortabel mogelijk te maken wordt voordien een verdovende cr\u00e8me aangebracht. Na de behandeling is het pijngevoel direct voorbij en blijft er een gevoel van warmte of lichte spanning.<\/p><\/div>\n\n\n\n<div class=\"wp-block-uagb-advanced-heading uagb-block-cec81870\"><h5 class=\"uagb-heading-text\">Wat zijn de mogelijke nevenwerkingen?<\/h5><\/div>\n\n\n\n<div class=\"wp-block-uagb-advanced-heading uagb-block-aea6ec2c\"><p class=\"uagb-heading-text\">Voor het gelaat zijn de nevenwerkingen gemiddeld mild tot matig en binnen 3 \u00e0 4 dagen verdwenen, iets langer voor de hals. Na de handeling zal de huid rood en branderig aanvoelen. Een lichte zwelling of restroodheid kunnen die een 3 \u00e0 4 tal dagen (uitzonderlijk wat langer) aanhouden. De huid kan ook lichtjes ruw aanvoelen als zandpapier. Als nabehandeling hiervoor volstaat een hygi\u00ebnische neutrale verzachtende cr\u00e8me gedurende enkele dagen. Bij behandelingen op het lichaam is de hersteltijd langer (ongeveer 2 weken). Op gevoelige huidgebieden (vb rond de ogen) kunnen blauwe plekjes optreden. Tot alle roodheid verdwenen is moet zon en zonnebank vermeden worden. Personen gevoelig voor koortsblazen kunnen v\u00f3\u00f3r en na de behandeling voorzichtigheidshalve preventief medicatie tegen koortsblazen voorgeschreven worden.<br>Indien u niet werkt in vervuilde omgeving mag u uw normale activiteiten op het werk, uw huishouden of sportactiviteiten verder zetten.<\/p><\/div>\n\n\n\n<div class=\"wp-block-uagb-advanced-heading uagb-block-9e073135\"><h5 class=\"uagb-heading-text\">Is de behandeling permanent?<\/h5><\/div>\n\n\n\n<div class=\"wp-block-uagb-advanced-heading uagb-block-58e16edd\"><p class=\"uagb-heading-text\">De resultaten kunnen jaren aanhouden omdat het omdat het om een structurele verbetering gaat, maar het verouderingsproces wordt uiteraard niet stopgezet. Indien gewenst kan voor een jaarlijkse onderhoudsbehandeling gekozen worden. Voor indicaties als littekens of striemen is dit meestal niet nodig.<\/p><\/div>\n<\/div><\/div>\n","protected":false},"excerpt":{"rendered":"<p>Gefractioneerde radiofrequentie Deze behandeling wordt gebruikt om collageen in de diepe huidlagen te stimuleren en kan ingezet worden voor huidverstrakking [&hellip;]<\/p>\n","protected":false},"author":1,"featured_media":0,"parent":0,"menu_order":0,"comment_status":"closed","ping_status":"closed","template":"","meta":{"_uag_custom_page_level_css":"","site-sidebar-layout":"default","site-content-layout":"","ast-site-content-layout":"","site-content-style":"default","site-sidebar-style":"default","ast-global-header-display":"","ast-banner-title-visibility":"","ast-main-header-display":"","ast-hfb-above-header-display":"","ast-hfb-below-header-display":"","ast-hfb-mobile-header-display":"","site-post-title":"disabled","ast-breadcrumbs-content":"","ast-featured-img":"","footer-sml-layout":"","theme-transparent-header-meta":"","adv-header-id-meta":"","stick-header-meta":"","header-above-stick-meta":"","header-main-stick-meta":"","header-below-stick-meta":"","astra-migrate-meta-layouts":"default","ast-page-background-enabled":"default","ast-page-background-meta":{"desktop":{"background-color":"var(--ast-global-color-4)","background-image":"","background-repeat":"repeat","background-position":"center center","background-size":"auto","background-attachment":"scroll","background-type":"","background-media":"","overlay-type":"","overlay-color":"","overlay-opacity":"","overlay-gradient":""},"tablet":{"background-color":"","background-image":"","background-repeat":"repeat","background-position":"center center","background-size":"auto","background-attachment":"scroll","background-type":"","background-media":"","overlay-type":"","overlay-color":"","overlay-opacity":"","overlay-gradient":""},"mobile":{"background-color":"","background-image":"","background-repeat":"repeat","background-position":"center center","background-size":"auto","background-attachment":"scroll","background-type":"","background-media":"","overlay-type":"","overlay-color":"","overlay-opacity":"","overlay-gradient":""}},"ast-content-background-meta":{"desktop":{"background-color":"var(--ast-global-color-5)","background-image":"","background-repeat":"repeat","background-position":"center center","background-size":"auto","background-attachment":"scroll","background-type":"","background-media":"","overlay-type":"","overlay-color":"","overlay-opacity":"","overlay-gradient":""},"tablet":{"background-color":"var(--ast-global-color-5)","background-image":"","background-repeat":"repeat","background-position":"center center","background-size":"auto","background-attachment":"scroll","background-type":"","background-media":"","overlay-type":"","overlay-color":"","overlay-opacity":"","overlay-gradient":""},"mobile":{"background-color":"var(--ast-global-color-5)","background-image":"","background-repeat":"repeat","background-position":"center center","background-size":"auto","background-attachment":"scroll","background-type":"","background-media":"","overlay-type":"","overlay-color":"","overlay-opacity":"","overlay-gradient":""}},"footnotes":""},"class_list":["post-146","page","type-page","status-publish","hentry"],"yoast_head":"<!-- This site is optimized with the Yoast SEO plugin v27.2 - https:\/\/yoast.com\/product\/yoast-seo-wordpress\/ -->\n<title>Gefractioneerde radiofrequentie - Dr Leyn dermatologie<\/title>\n<meta name=\"robots\" content=\"noindex, follow, max-snippet:-1, max-image-preview:large, max-video-preview:-1\" \/>\n<meta property=\"og:locale\" content=\"nl_BE\" \/>\n<meta property=\"og:type\" content=\"article\" \/>\n<meta property=\"og:title\" content=\"Gefractioneerde radiofrequentie - Dr Leyn dermatologie\" \/>\n<meta property=\"og:description\" content=\"Gefractioneerde radiofrequentie Deze behandeling wordt gebruikt om collageen in de diepe huidlagen te stimuleren en kan ingezet worden voor huidverstrakking [&hellip;]\" \/>\n<meta property=\"og:url\" content=\"https:\/\/drleyndermatologie.be\/index.php\/microneedling-radiofrequentie\/\" \/>\n<meta property=\"og:site_name\" content=\"Dr Leyn dermatologie\" \/>\n<meta property=\"article:modified_time\" content=\"2025-02-06T16:27:05+00:00\" \/>\n<meta property=\"og:image\" content=\"https:\/\/drleyndermatologie.be\/wp-content\/uploads\/2024\/12\/leyn-radiofrequentie.jpg\" \/>\n<meta name=\"twitter:card\" content=\"summary_large_image\" \/>\n<meta name=\"twitter:label1\" content=\"Geschatte leestijd\" \/>\n\t<meta name=\"twitter:data1\" content=\"5 minuten\" \/>\n<script type=\"application\/ld+json\" class=\"yoast-schema-graph\">{\"@context\":\"https:\/\/schema.org\",\"@graph\":[{\"@type\":\"WebPage\",\"@id\":\"https:\/\/drleyndermatologie.be\/index.php\/microneedling-radiofrequentie\/\",\"url\":\"https:\/\/drleyndermatologie.be\/index.php\/microneedling-radiofrequentie\/\",\"name\":\"Gefractioneerde radiofrequentie - Dr Leyn dermatologie\",\"isPartOf\":{\"@id\":\"https:\/\/drleyndermatologie.be\/#website\"},\"primaryImageOfPage\":{\"@id\":\"https:\/\/drleyndermatologie.be\/index.php\/microneedling-radiofrequentie\/#primaryimage\"},\"image\":{\"@id\":\"https:\/\/drleyndermatologie.be\/index.php\/microneedling-radiofrequentie\/#primaryimage\"},\"thumbnailUrl\":\"https:\/\/drleyndermatologie.be\/wp-content\/uploads\/2024\/12\/leyn-radiofrequentie.jpg\",\"datePublished\":\"2024-12-09T09:57:54+00:00\",\"dateModified\":\"2025-02-06T16:27:05+00:00\",\"breadcrumb\":{\"@id\":\"https:\/\/drleyndermatologie.be\/index.php\/microneedling-radiofrequentie\/#breadcrumb\"},\"inLanguage\":\"nl-BE\",\"potentialAction\":[{\"@type\":\"ReadAction\",\"target\":[\"https:\/\/drleyndermatologie.be\/index.php\/microneedling-radiofrequentie\/\"]}]},{\"@type\":\"ImageObject\",\"inLanguage\":\"nl-BE\",\"@id\":\"https:\/\/drleyndermatologie.be\/index.php\/microneedling-radiofrequentie\/#primaryimage\",\"url\":\"https:\/\/drleyndermatologie.be\/wp-content\/uploads\/2024\/12\/leyn-radiofrequentie.jpg\",\"contentUrl\":\"https:\/\/drleyndermatologie.be\/wp-content\/uploads\/2024\/12\/leyn-radiofrequentie.jpg\",\"width\":481,\"height\":596},{\"@type\":\"BreadcrumbList\",\"@id\":\"https:\/\/drleyndermatologie.be\/index.php\/microneedling-radiofrequentie\/#breadcrumb\",\"itemListElement\":[{\"@type\":\"ListItem\",\"position\":1,\"name\":\"Home\",\"item\":\"https:\/\/drleyndermatologie.be\/\"},{\"@type\":\"ListItem\",\"position\":2,\"name\":\"Gefractioneerde radiofrequentie\"}]},{\"@type\":\"WebSite\",\"@id\":\"https:\/\/drleyndermatologie.be\/#website\",\"url\":\"https:\/\/drleyndermatologie.be\/\",\"name\":\"Dr Leyn dermatologie\",\"description\":\"\",\"publisher\":{\"@id\":\"https:\/\/drleyndermatologie.be\/#organization\"},\"potentialAction\":[{\"@type\":\"SearchAction\",\"target\":{\"@type\":\"EntryPoint\",\"urlTemplate\":\"https:\/\/drleyndermatologie.be\/?s={search_term_string}\"},\"query-input\":{\"@type\":\"PropertyValueSpecification\",\"valueRequired\":true,\"valueName\":\"search_term_string\"}}],\"inLanguage\":\"nl-BE\"},{\"@type\":\"Organization\",\"@id\":\"https:\/\/drleyndermatologie.be\/#organization\",\"name\":\"Dr Leyn dermatologie\",\"url\":\"https:\/\/drleyndermatologie.be\/\",\"logo\":{\"@type\":\"ImageObject\",\"inLanguage\":\"nl-BE\",\"@id\":\"https:\/\/drleyndermatologie.be\/#\/schema\/logo\/image\/\",\"url\":\"https:\/\/drleyndermatologie.be\/wp-content\/uploads\/2024\/12\/cropped-Logo-DrJokeLeyn21-DEF-scaled-1.jpg\",\"contentUrl\":\"https:\/\/drleyndermatologie.be\/wp-content\/uploads\/2024\/12\/cropped-Logo-DrJokeLeyn21-DEF-scaled-1.jpg\",\"width\":2558,\"height\":813,\"caption\":\"Dr Leyn dermatologie\"},\"image\":{\"@id\":\"https:\/\/drleyndermatologie.be\/#\/schema\/logo\/image\/\"}}]}<\/script>\n<!-- \/ Yoast SEO plugin. -->","yoast_head_json":{"title":"Gefractioneerde radiofrequentie - Dr Leyn dermatologie","robots":{"index":"noindex","follow":"follow","max-snippet":"max-snippet:-1","max-image-preview":"max-image-preview:large","max-video-preview":"max-video-preview:-1"},"og_locale":"nl_BE","og_type":"article","og_title":"Gefractioneerde radiofrequentie - Dr Leyn dermatologie","og_description":"Gefractioneerde radiofrequentie Deze behandeling wordt gebruikt om collageen in de diepe huidlagen te stimuleren en kan ingezet worden voor huidverstrakking [&hellip;]","og_url":"https:\/\/drleyndermatologie.be\/index.php\/microneedling-radiofrequentie\/","og_site_name":"Dr Leyn dermatologie","article_modified_time":"2025-02-06T16:27:05+00:00","og_image":[{"url":"https:\/\/drleyndermatologie.be\/wp-content\/uploads\/2024\/12\/leyn-radiofrequentie.jpg","type":"","width":"","height":""}],"twitter_card":"summary_large_image","twitter_misc":{"Geschatte leestijd":"5 minuten"},"schema":{"@context":"https:\/\/schema.org","@graph":[{"@type":"WebPage","@id":"https:\/\/drleyndermatologie.be\/index.php\/microneedling-radiofrequentie\/","url":"https:\/\/drleyndermatologie.be\/index.php\/microneedling-radiofrequentie\/","name":"Gefractioneerde radiofrequentie - Dr Leyn dermatologie","isPartOf":{"@id":"https:\/\/drleyndermatologie.be\/#website"},"primaryImageOfPage":{"@id":"https:\/\/drleyndermatologie.be\/index.php\/microneedling-radiofrequentie\/#primaryimage"},"image":{"@id":"https:\/\/drleyndermatologie.be\/index.php\/microneedling-radiofrequentie\/#primaryimage"},"thumbnailUrl":"https:\/\/drleyndermatologie.be\/wp-content\/uploads\/2024\/12\/leyn-radiofrequentie.jpg","datePublished":"2024-12-09T09:57:54+00:00","dateModified":"2025-02-06T16:27:05+00:00","breadcrumb":{"@id":"https:\/\/drleyndermatologie.be\/index.php\/microneedling-radiofrequentie\/#breadcrumb"},"inLanguage":"nl-BE","potentialAction":[{"@type":"ReadAction","target":["https:\/\/drleyndermatologie.be\/index.php\/microneedling-radiofrequentie\/"]}]},{"@type":"ImageObject","inLanguage":"nl-BE","@id":"https:\/\/drleyndermatologie.be\/index.php\/microneedling-radiofrequentie\/#primaryimage","url":"https:\/\/drleyndermatologie.be\/wp-content\/uploads\/2024\/12\/leyn-radiofrequentie.jpg","contentUrl":"https:\/\/drleyndermatologie.be\/wp-content\/uploads\/2024\/12\/leyn-radiofrequentie.jpg","width":481,"height":596},{"@type":"BreadcrumbList","@id":"https:\/\/drleyndermatologie.be\/index.php\/microneedling-radiofrequentie\/#breadcrumb","itemListElement":[{"@type":"ListItem","position":1,"name":"Home","item":"https:\/\/drleyndermatologie.be\/"},{"@type":"ListItem","position":2,"name":"Gefractioneerde radiofrequentie"}]},{"@type":"WebSite","@id":"https:\/\/drleyndermatologie.be\/#website","url":"https:\/\/drleyndermatologie.be\/","name":"Dr Leyn dermatologie","description":"","publisher":{"@id":"https:\/\/drleyndermatologie.be\/#organization"},"potentialAction":[{"@type":"SearchAction","target":{"@type":"EntryPoint","urlTemplate":"https:\/\/drleyndermatologie.be\/?s={search_term_string}"},"query-input":{"@type":"PropertyValueSpecification","valueRequired":true,"valueName":"search_term_string"}}],"inLanguage":"nl-BE"},{"@type":"Organization","@id":"https:\/\/drleyndermatologie.be\/#organization","name":"Dr Leyn dermatologie","url":"https:\/\/drleyndermatologie.be\/","logo":{"@type":"ImageObject","inLanguage":"nl-BE","@id":"https:\/\/drleyndermatologie.be\/#\/schema\/logo\/image\/","url":"https:\/\/drleyndermatologie.be\/wp-content\/uploads\/2024\/12\/cropped-Logo-DrJokeLeyn21-DEF-scaled-1.jpg","contentUrl":"https:\/\/drleyndermatologie.be\/wp-content\/uploads\/2024\/12\/cropped-Logo-DrJokeLeyn21-DEF-scaled-1.jpg","width":2558,"height":813,"caption":"Dr Leyn dermatologie"},"image":{"@id":"https:\/\/drleyndermatologie.be\/#\/schema\/logo\/image\/"}}]}},"uagb_featured_image_src":{"full":false,"thumbnail":false,"medium":false,"medium_large":false,"large":false,"1536x1536":false,"2048x2048":false},"uagb_author_info":{"display_name":"admin","author_link":"https:\/\/drleyndermatologie.be\/index.php\/author\/info_n577m729\/"},"uagb_comment_info":0,"uagb_excerpt":"Gefractioneerde radiofrequentie Deze behandeling wordt gebruikt om collageen in de diepe huidlagen te stimuleren en kan ingezet worden voor huidverstrakking [&hellip;]","_links":{"self":[{"href":"https:\/\/drleyndermatologie.be\/index.php\/wp-json\/wp\/v2\/pages\/146","targetHints":{"allow":["GET"]}}],"collection":[{"href":"https:\/\/drleyndermatologie.be\/index.php\/wp-json\/wp\/v2\/pages"}],"about":[{"href":"https:\/\/drleyndermatologie.be\/index.php\/wp-json\/wp\/v2\/types\/page"}],"author":[{"embeddable":true,"href":"https:\/\/drleyndermatologie.be\/index.php\/wp-json\/wp\/v2\/users\/1"}],"replies":[{"embeddable":true,"href":"https:\/\/drleyndermatologie.be\/index.php\/wp-json\/wp\/v2\/comments?post=146"}],"version-history":[{"count":12,"href":"https:\/\/drleyndermatologie.be\/index.php\/wp-json\/wp\/v2\/pages\/146\/revisions"}],"predecessor-version":[{"id":535,"href":"https:\/\/drleyndermatologie.be\/index.php\/wp-json\/wp\/v2\/pages\/146\/revisions\/535"}],"wp:attachment":[{"href":"https:\/\/drleyndermatologie.be\/index.php\/wp-json\/wp\/v2\/media?parent=146"}],"curies":[{"name":"wp","href":"https:\/\/api.w.org\/{rel}","templated":true}]}}